{"id":793,"date":"2024-01-10T11:42:01","date_gmt":"2024-01-10T09:42:01","guid":{"rendered":"https:\/\/www.lahdenteollisuusseuransaatio.fi\/?page_id=793"},"modified":"2024-01-10T12:35:20","modified_gmt":"2024-01-10T10:35:20","slug":"hae-apurahaa","status":"publish","type":"page","link":"https:\/\/www.lahdenteollisuusseuransaatio.fi\/?page_id=793","title":{"rendered":"Hae apurahaa"},"content":{"rendered":"\n<h2 class=\"wp-block-heading\">Apurahahakemus<\/h2>\n\n\n\n<p>Tutustuthan <a href=\"https:\/\/www.lahdenteollisuusseuransaatio.fi\/?page_id=341\" data-type=\"link\" data-id=\"https:\/\/www.lahdenteollisuusseuransaatio.fi\/?page_id=341\">hakuohjeisiin <\/a>ennen hakemuksen t\u00e4ytt\u00e4mist\u00e4.<\/p>\n\n\n\n<div class=\"wpcf7 no-js\" id=\"wpcf7-f784-o1\" lang=\"fi\" dir=\"ltr\" data-wpcf7-id=\"784\">\n<div class=\"screen-reader-response\"><p role=\"status\" aria-live=\"polite\" aria-atomic=\"true\"><\/p> <ul><\/ul><\/div>\n<form action=\"\/index.php?rest_route=%2Fwp%2Fv2%2Fpages%2F793#wpcf7-f784-o1\" method=\"post\" class=\"wpcf7-form init\" aria-label=\"Yhteydenottolomake\" novalidate=\"novalidate\" data-status=\"init\">\n<fieldset class=\"hidden-fields-container\"><input type=\"hidden\" name=\"_wpcf7\" value=\"784\" \/><input type=\"hidden\" name=\"_wpcf7_version\" value=\"6.1.5\" \/><input type=\"hidden\" name=\"_wpcf7_locale\" value=\"fi\" \/><input type=\"hidden\" name=\"_wpcf7_unit_tag\" value=\"wpcf7-f784-o1\" \/><input type=\"hidden\" name=\"_wpcf7_container_post\" value=\"0\" \/><input type=\"hidden\" name=\"_wpcf7_posted_data_hash\" value=\"\" \/><input type=\"hidden\" name=\"_wpcf7cf_hidden_group_fields\" value=\"[]\" \/><input type=\"hidden\" name=\"_wpcf7cf_hidden_groups\" value=\"[]\" \/><input type=\"hidden\" name=\"_wpcf7cf_visible_groups\" value=\"[]\" \/><input type=\"hidden\" name=\"_wpcf7cf_repeaters\" value=\"[]\" \/><input type=\"hidden\" name=\"_wpcf7cf_steps\" value=\"{}\" \/><input type=\"hidden\" name=\"_wpcf7cf_options\" value=\"{&quot;form_id&quot;:784,&quot;conditions&quot;:[{&quot;then_field&quot;:&quot;-1&quot;,&quot;and_rules&quot;:[{&quot;if_field&quot;:&quot;-1&quot;,&quot;operator&quot;:&quot;equals&quot;,&quot;if_value&quot;:&quot;Olen lukenut ja hyv\\u00e4ksyn tietosuojaselosteen&quot;}]}],&quot;settings&quot;:{&quot;animation&quot;:&quot;yes&quot;,&quot;animation_intime&quot;:200,&quot;animation_outtime&quot;:200,&quot;conditions_ui&quot;:&quot;normal&quot;,&quot;notice_dismissed&quot;:false,&quot;notice_dismissed_rollback-cf7-5.8.2&quot;:true,&quot;notice_dismissed_update-cf7-6.0&quot;:true,&quot;notice_dismissed_update-cf7-6.1.4&quot;:true}}\" \/><input type=\"hidden\" name=\"_wpcf7_recaptcha_response\" value=\"\" \/>\n<\/fieldset>\n<h3>Hakijan tiedot\n<\/h3>\n<p><label> Hakijan nimi<br \/>\n<span class=\"wpcf7-form-control-wrap\" data-name=\"your-name\"><input size=\"40\" maxlength=\"400\" class=\"wpcf7-form-control wpcf7-text wpcf7-validates-as-required\" autocomplete=\"name\" aria-required=\"true\" aria-invalid=\"false\" value=\"\" type=\"text\" name=\"your-name\" \/><\/span> <\/label>\n<\/p>\n<p><label> Y-tunnus (mik\u00e4li on), hakijan henkil\u00f6tunnus kysyt\u00e4\u00e4n tarvittaessa erillisell\u00e4 s\u00e4hk\u00f6postilla<br \/>\n<span class=\"wpcf7-form-control-wrap\" data-name=\"ytunnus\"><input size=\"40\" maxlength=\"400\" class=\"wpcf7-form-control wpcf7-text\" aria-invalid=\"false\" value=\"\" type=\"text\" name=\"ytunnus\" \/><\/span> <\/label>\n<\/p>\n<p><label> Osoite<br \/>\n<span class=\"wpcf7-form-control-wrap\" data-name=\"osoite\"><input size=\"40\" maxlength=\"400\" class=\"wpcf7-form-control wpcf7-text wpcf7-validates-as-required\" aria-required=\"true\" aria-invalid=\"false\" value=\"\" type=\"text\" name=\"osoite\" \/><\/span> <\/label>\n<\/p>\n<p><label> Postinumero ja paikkakunta<br \/>\n<span class=\"wpcf7-form-control-wrap\" data-name=\"pnumero\"><input size=\"40\" maxlength=\"400\" class=\"wpcf7-form-control wpcf7-text wpcf7-validates-as-required\" aria-required=\"true\" aria-invalid=\"false\" value=\"\" type=\"text\" name=\"pnumero\" \/><\/span> <\/label>\n<\/p>\n<p><label> S\u00e4hk\u00f6posti<br \/>\n<span class=\"wpcf7-form-control-wrap\" data-name=\"email\"><input size=\"40\" maxlength=\"400\" class=\"wpcf7-form-control wpcf7-email wpcf7-validates-as-required wpcf7-text wpcf7-validates-as-email\" autocomplete=\"email\" aria-required=\"true\" aria-invalid=\"false\" value=\"\" type=\"email\" name=\"email\" \/><\/span> <\/label>\n<\/p>\n<p><label> Puhelin<br \/>\n<span class=\"wpcf7-form-control-wrap\" data-name=\"puhelin\"><input size=\"40\" maxlength=\"400\" class=\"wpcf7-form-control wpcf7-tel wpcf7-validates-as-required wpcf7-text wpcf7-validates-as-tel\" aria-required=\"true\" aria-invalid=\"false\" value=\"\" type=\"tel\" name=\"puhelin\" \/><\/span> <\/label>\n<\/p>\n<p><label> Mik\u00e4li hakijana on ryhm\u00e4, muiden hakijoiden nimet<br \/>\n<span class=\"wpcf7-form-control-wrap\" data-name=\"ryhma\"><textarea cols=\"40\" rows=\"3\" maxlength=\"2000\" class=\"wpcf7-form-control wpcf7-textarea\" aria-invalid=\"false\" name=\"ryhma\"><\/textarea><\/span> <\/label>\n<\/p>\n<p><label> Pankkiyhteys\/BIC<br \/>\n<span class=\"wpcf7-form-control-wrap\" data-name=\"pankki\"><input size=\"40\" maxlength=\"400\" class=\"wpcf7-form-control wpcf7-text wpcf7-validates-as-required\" aria-required=\"true\" aria-invalid=\"false\" value=\"\" type=\"text\" name=\"pankki\" \/><\/span> <\/label>\n<\/p>\n<p><label> Tilinumero\/IBAN<br \/>\n<span class=\"wpcf7-form-control-wrap\" data-name=\"tili\"><input size=\"40\" maxlength=\"400\" class=\"wpcf7-form-control wpcf7-text wpcf7-validates-as-required\" aria-required=\"true\" aria-invalid=\"false\" value=\"\" type=\"text\" name=\"tili\" \/><\/span> <\/label>\n<\/p>\n<h3>Haettu avustus\n<\/h3>\n<p><label> Avustuksen m\u00e4\u00e4r\u00e4 \u20ac<br \/>\n<span class=\"wpcf7-form-control-wrap\" data-name=\"avustusmaara\"><input class=\"wpcf7-form-control wpcf7-number wpcf7-validates-as-number\" min=\"0\" aria-invalid=\"false\" value=\"\" type=\"number\" name=\"avustusmaara\" \/><\/span> <\/label>\n<\/p>\n<p><label> Apurahan k\u00e4ytt\u00f6tarkoitus ja tavoitteet perusteluineen (mik\u00e4li liitteen\u00e4, t\u00e4h\u00e4n tiivistelm\u00e4)<br \/>\n<span class=\"wpcf7-form-control-wrap\" data-name=\"kaytto\"><textarea cols=\"40\" rows=\"6\" maxlength=\"2000\" class=\"wpcf7-form-control wpcf7-textarea\" aria-invalid=\"false\" name=\"kaytto\"><\/textarea><\/span> <\/label>\n<\/p>\n<p><label> Toteutusaikataulu<br \/>\n<span class=\"wpcf7-form-control-wrap\" data-name=\"aikataulu\"><textarea cols=\"40\" rows=\"2\" maxlength=\"2000\" class=\"wpcf7-form-control wpcf7-textarea\" aria-invalid=\"false\" name=\"aikataulu\"><\/textarea><\/span> <\/label>\n<\/p>\n<p><label> Samaan tarkoitukseen haettavat tuet muualta<br \/>\n<span class=\"wpcf7-form-control-wrap\" data-name=\"muuttuet\"><textarea cols=\"40\" rows=\"2\" maxlength=\"2000\" class=\"wpcf7-form-control wpcf7-textarea\" aria-invalid=\"false\" name=\"muuttuet\"><\/textarea><\/span> <\/label>\n<\/p>\n<p>* 1.12.2015 voimaan astuneen s\u00e4\u00e4ti\u00f6lain mukaan kaikkien s\u00e4\u00e4ti\u00f6iden on ilmoitettava l\u00e4hipiiritoimet. Lain mukaan s\u00e4\u00e4ti\u00f6n l\u00e4hipiiri on varsin laaja. L\u00e4hipiiriin kuuluminen ei ole este apurahan hakemiselle. S\u00e4\u00e4ti\u00f6n on ilmoitettava, jos se on my\u00f6nt\u00e4nyt avustuksia, apurahoja tai muuta taloudellista tukea niin sanottuun s\u00e4\u00e4ti\u00f6n suppeaan l\u00e4hipiiriin kuuluville. S\u00e4\u00e4ti\u00f6n johtoon kuuluva henkil\u00f6 on esteellinen osallistumaan apurahak\u00e4sittelyyn, mik\u00e4li apurahan hakija kuuluu h\u00e4nen laajasti m\u00e4\u00e4riteltyyn l\u00e4hipiirins\u00e4. T\u00e4m\u00e4n vuoksi kaikilta apurahan hakijoilta kysyt\u00e4\u00e4n heid\u00e4n suhteestaan s\u00e4\u00e4ti\u00f6n ydinhenkil\u00f6ihin. Oletko sukua jollekin alla mainituista henkil\u00f6ist\u00e4 tai alla mainitun henkil\u00f6n avio-\/avopuolisolle?\n<\/p>\n<p> Oletko sukua jollekin alla mainituista henkil\u00f6ist\u00e4 tai alla mainitun henkil\u00f6n avio-\/avopuolisolle?\n<\/p>\n<p><span class=\"wpcf7-form-control-wrap\" data-name=\"sukua\"><span class=\"wpcf7-form-control wpcf7-radio\"><span class=\"wpcf7-list-item first\"><label><input type=\"radio\" name=\"sukua\" value=\"Kyll\u00e4\" \/><span class=\"wpcf7-list-item-label\">Kyll\u00e4<\/span><\/label><\/span><span class=\"wpcf7-list-item last\"><label><input type=\"radio\" name=\"sukua\" value=\"En ole\" \/><span class=\"wpcf7-list-item-label\">En ole<\/span><\/label><\/span><\/span><\/span>\n<\/p>\n<p>Onko avio- \/ avopuolisosi sukua jollekin alla mainituista henkil\u00f6ist\u00e4 tai alla mainitun henkil\u00f6n avio- \/ avopuolisolle?\n<\/p>\n<p><span class=\"wpcf7-form-control-wrap\" data-name=\"puoliso\"><span class=\"wpcf7-form-control wpcf7-radio\"><span class=\"wpcf7-list-item first\"><label><input type=\"radio\" name=\"puoliso\" value=\"Kyll\u00e4\" \/><span class=\"wpcf7-list-item-label\">Kyll\u00e4<\/span><\/label><\/span><span class=\"wpcf7-list-item last\"><label><input type=\"radio\" name=\"puoliso\" value=\"En ole\" \/><span class=\"wpcf7-list-item-label\">En ole<\/span><\/label><\/span><\/span><\/span>\n<\/p>\n<p>Hallitus:\n<\/p>\n<p>Jyri H\u00e4k\u00e4mies<br \/>\nP\u00e4r-Gustaf Relander<br \/>\nTiina Luhtanen<br \/>\nMartti Lipponen<br \/>\nValtteri Simola, asiamies<br \/>\nPanu Juonala, tilintarkastaja\n<\/p>\n<p><label> Liitetiedostot <\/label>\n<\/p>\n<p><span class=\"wpcf7-form-control-wrap\" data-name=\"upload-file-317\"><input size=\"40\" class=\"wpcf7-form-control wpcf7-drag-n-drop-file d-none\" aria-invalid=\"false\" type=\"file\" multiple=\"multiple\" data-name=\"upload-file-317\" data-type=\"doc|docx|pdf|jpg|jpeg|png\" data-limit=\"6000000\" data-min=\"0\" data-id=\"784\" data-version=\"free version 1.3.9.6\" accept=\".doc, .docx, .pdf, .jpg, .jpeg, .png\" data-black-list=\"exe|bat|com\" \/><\/span>\n<\/p>\n<p>Liitteiden maksikoko 6mb.\n<\/p>\n<p><input class=\"wpcf7-form-control wpcf7-submit has-spinner\" type=\"submit\" value=\"L\u00e4het\u00e4 hakemus\" \/>\n<\/p><div class=\"wpcf7-response-output\" aria-hidden=\"true\"><\/div>\n<\/form>\n<\/div>\n\n","protected":false},"excerpt":{"rendered":"<p>Apurahahakemus Tutustuthan hakuohjeisiin ennen hakemuksen t\u00e4ytt\u00e4mist\u00e4.<\/p>\n","protected":false},"author":1,"featured_media":0,"parent":4,"menu_order":0,"comment_status":"closed","ping_status":"closed","template":"","meta":{"footnotes":""},"class_list":["post-793","page","type-page","status-publish","hentry"],"_links":{"self":[{"href":"https:\/\/www.lahdenteollisuusseuransaatio.fi\/index.php?rest_route=\/wp\/v2\/pages\/793","targetHints":{"allow":["GET"]}}],"collection":[{"href":"https:\/\/www.lahdenteollisuusseuransaatio.fi\/index.php?rest_route=\/wp\/v2\/pages"}],"about":[{"href":"https:\/\/www.lahdenteollisuusseuransaatio.fi\/index.php?rest_route=\/wp\/v2\/types\/page"}],"author":[{"embeddable":true,"href":"https:\/\/www.lahdenteollisuusseuransaatio.fi\/index.php?rest_route=\/wp\/v2\/users\/1"}],"replies":[{"embeddable":true,"href":"https:\/\/www.lahdenteollisuusseuransaatio.fi\/index.php?rest_route=%2Fwp%2Fv2%2Fcomments&post=793"}],"version-history":[{"count":9,"href":"https:\/\/www.lahdenteollisuusseuransaatio.fi\/index.php?rest_route=\/wp\/v2\/pages\/793\/revisions"}],"predecessor-version":[{"id":816,"href":"https:\/\/www.lahdenteollisuusseuransaatio.fi\/index.php?rest_route=\/wp\/v2\/pages\/793\/revisions\/816"}],"up":[{"embeddable":true,"href":"https:\/\/www.lahdenteollisuusseuransaatio.fi\/index.php?rest_route=\/wp\/v2\/pages\/4"}],"wp:attachment":[{"href":"https:\/\/www.lahdenteollisuusseuransaatio.fi\/index.php?rest_route=%2Fwp%2Fv2%2Fmedia&parent=793"}],"curies":[{"name":"wp","href":"https:\/\/api.w.org\/{rel}","templated":true}]}}