{"id":64,"date":"2017-09-25T10:49:24","date_gmt":"2017-09-25T07:49:24","guid":{"rendered":"https:\/\/lahdenteollisuusseuransaatio.wordpress.com\/?page_id=64"},"modified":"2023-11-16T12:01:58","modified_gmt":"2023-11-16T10:01:58","slug":"myonnetyt-apurahat","status":"publish","type":"page","link":"https:\/\/www.lahdenteollisuusseuransaatio.fi\/?page_id=64","title":{"rendered":"My\u00f6nnetyt apurahat ja avustukset"},"content":{"rendered":"\n<h4 class=\"wp-block-heading has-very-dark-gray-color has-text-color\"><strong>Lahden Teollisuusseuran S\u00e4\u00e4ti\u00f6 on t\u00e4h\u00e4n menness\u00e4 my\u00f6nt\u00e4nyt avustuksia ja apurahoja yli 340 000 euron arvosta.<\/strong><\/h4>\n\n\n\n<div style=\"height:50px\" aria-hidden=\"true\" class=\"wp-block-spacer\"><\/div>\n\n\n\n<p>\u2022 LAB Sustainable Solutions Food Pilot Plant, 5v ohjelma. 10 000\u20ac\/v 2023- 2027.<\/p>\n\n\n\n<p>\u2022 Tua Valtonen, HY, pro gradu. <em>Lahden Niemen alueen teollisuuden tilojen purkamisesta syntyvien materiaalien kierr\u00e4tys.<\/em><\/p>\n\n\n\n<p>\u2022 Juulia Koskinen, LUT diplomity\u00f6. <em>Selvitys kiertotalouden liiketoimintamahdollisuuksista tekstiili ja vaatealalla.<\/em><\/p>\n\n\n\n<p>\u2022 Ulla Ala-Vainio, LUT, yritt\u00e4jyyden DI ohjelman opinn\u00e4ytety\u00f6<em>, Yritysvastuun vaikutuksesta henkil\u00f6st\u00f6n pitovoimaan organisaatiossa.<\/em><\/p>\n\n\n\n<p>\u2022 LUT yliopisto, Tulevaisuuden osaajat ohjelma, rahoitus vuosille 2023 ja 2024.<\/p>\n\n\n\n<p>\u2022 Anu Raappana. LUT. <em>Tutkimus lukioiden mahdollisuuksista edist\u00e4\u00e4 nuorten yritt\u00e4jyysvalmiuksia eli opetussuunnitelmaan kirjatun tavoitteen toteutumisselvitys.<\/em><\/p>\n\n\n\n<p>\u2022 LUT Kauppakorkeakoulu, KTT Tommi Rissasen tutkimusryhm\u00e4. Pro Gradu tutkimus, erikseen valittavan henkil\u00f6n toteuttamana. <em>Lahden seudun kasvuekosysteemin sidosryhm\u00e4tarpeiden selvitys.<\/em><\/p>\n\n\n\n<p>\u2022 Lei Liu, HY, Doctoral Thesis. <em>Microbial Poly-b-hydroxyalkanoate accumulation from sludge for plastic production and simultaneous recovery of ammonia and phosphorus<\/em>. <\/p>\n\n\n\n<p>\u2022 LUTES &#8211; LUT Entrepreneurship Society ry, <em>Idearace liikeideakilpailun toteutus Lahdessa<\/em>. <\/p>\n\n\n\n<p>\u2022 Minna Saunila, LUT, <em>Tutkimus digitaalisen transinformaation, innovaation ja suorituskyvyn vuorovaikutuksesta<\/em>. <\/p>\n\n\n\n<p>\u2022 Janne Juopperi, Aalto, diplomity\u00f6, <em>Hiilikuitujen mittalaitteen jatkokehitys ja hy\u00f6dynt\u00e4minen urheiluv\u00e4lineiss\u00e4<\/em>.<\/p>\n\n\n\n<p>\u2022 Eetu Hannelin, diplomity\u00f6 LUT, <em>The potential of car rentals opetarions and role in a traffic systems: Carbon footprint reduction and customer attitude utilization<\/em> (yhteisk\u00e4ytt\u00f6autojen asiakassegmentointi).<\/p>\n\n\n\n<p>\u2022 Minna Krupka, YAMK LAB opinn\u00e4ytety\u00f6 <em><a href=\"https:\/\/www.lahdenteollisuusseuransaatio.fi\/wp-content\/uploads\/2022\/10\/Krupka_Minna-YAMK-LAB.pdf\">Strategian kehitt\u00e4minen UX-kirjoittamalla<\/a><\/em>.<\/p>\n\n\n\n<p>\u2022 TAT Yrityskyl\u00e4, <em>H\u00e4meen yrityskyl\u00e4 Lahdessa<\/em>.<\/p>\n\n\n\n<p>\u2022 Pia W\u00e4ist\u00f6, LUT v\u00e4it\u00f6skirjatutkija, <em>Fyysisen tilan rooli organisaation strategian ja tavoitteiden saavuttamisessa.<\/em> Tutkimushaastattelujen analysointi ja artikkelin luonnostelu.<\/p>\n\n\n\n<p>\u2022 Suvi Konsti-Laakso (KTT, DI) tutkijatohtori&nbsp;&nbsp;ja Marita Rautiainen (KTT) tutkijaopettaja LUT yliopisto. <em>Perheyritysryhm\u00e4 innovaation kontekstin\u00e4 tutkitaan innovaation matkaa liiketoiminnaksi perheyritysryhm\u00e4n sis\u00e4ll\u00e4<\/em>.<\/p>\n\n\n\n<p>\u2022 Lahden Karjalaseura, <em>Evakkopatsas-hanke.&nbsp;<\/em><\/p>\n\n\n\n<p>\u2022 LUT S\u00e4hk\u00f6isen liikennej\u00e4rjestelm\u00e4n professuuri. Lahden kampukselle sijoitettava professuuri, joka keskittyy liikenteen s\u00e4hk\u00f6iseen murrokseen, 100 000\u20ac.<\/p>\n\n\n\n<p>\u2022 Lahden Hiihtoseura 100v historia 1.<\/p>\n\n\n\n<p>\u2022 Apuraha Pia W\u00e4ist\u00f6, LUT, V\u00e4it\u00f6skirjaty\u00f6skentelyn aloittaminen, aiheena <em>Fyysisten tilojen merkitys organisaation strategian ja tavoitteiden toteutumiselle<\/em>.<\/p>\n\n\n\n<p>\u2022 Apuraha <em>KOE21 fashion show<\/em>, LAB vaatemuotoilijoiden opinn\u00e4ytety\u00f6.<\/p>\n\n\n\n<p>\u2022 Apuraha TAT yrityskyl\u00e4 H\u00e4me, <em>yrityskyl\u00e4 toiminta<\/em>.<\/p>\n\n\n\n<p>\u2022 Apuraha FT Outi Ihanainen-Rokio ja VTK Laura Takki (pro gradu), HY, <em>Vastuullisuusviestinn\u00e4n osaamistason selvitt\u00e4minen ja keinot sen kehitt\u00e4miseen Lahden alueen yrityksiss\u00e4<\/em>. Osa Green Capital hanketta.&nbsp;<\/p>\n\n\n\n<p>\u2022 Avustus Huonekalumuseos\u00e4\u00e4ti\u00f6 sr. huonekalualan tutkimus ja tuloksista julkaistava kirja.&nbsp;<\/p>\n\n\n\n<p>\u2022 Apuraha Ossi Kekki, Tuni, hallintotieteet, pro gradu, <em>Lahden ymp\u00e4rist\u00f6p\u00e4\u00e4kaupunki- br\u00e4ndi ja sen ilment\u00e4minen fyysisess\u00e4 kaupunkikuvassa.<\/em>&nbsp;<\/p>\n\n\n\n<p>\u2022 Apuraha Johan Niemel\u00e4, LUT, EnTeDi, diplomity\u00f6, <em>Teollisuuden hukkal\u00e4mm\u00f6n hy\u00f6dynt\u00e4minen case lastulevytehtaan paluul\u00e4hde<\/em>.&nbsp;<\/p>\n\n\n\n<p>\u2022 Apuraha Emilia V\u00e4rel\u00e4, LAB muoti ja vaatesuunnittelu, opinn\u00e4ytety\u00f6 2020, <em><a rel=\"noreferrer noopener\" href=\"https:\/\/www.lahdenteollisuusseuransaatio.fi\/wp-content\/uploads\/2021\/01\/emilia.varela.opinnaytetyo.syys2020-2.pdf\" target=\"_blank\">Inklusiivisuutta tutkiva vaatemallisto py\u00f6r\u00e4tuolia k\u00e4ytt\u00e4vien henkil\u00f6iden inspiroimana<\/a><\/em>. <\/p>\n\n\n\n<p>\u2022 Avustus KOE19 Muotoiluinstituutin (LAMK) muotin\u00e4yt\u00f6s, vaatesuunnittelulinjan p\u00e4\u00e4tt\u00f6ty\u00f6n tukeminen&nbsp; &nbsp;&nbsp;<\/p>\n\n\n\n<p>\u2022 LUT kauppatieteen professuurit, 50 000 euroa<\/p>\n\n\n\n<p>\u2022 Lahjoitus Lahden ammattikorkeakoulun varainhankintaan, 50&nbsp;000 euroa. Lahjoitus osoitettiin erityisesti tekniikan ja muotoilun koulutusaloille. Lahjoituksella tuetaan alueen elinkeinoel\u00e4m\u00e4n ja koulutusorganisaatioiden yhteisty\u00f6n kehitt\u00e4mist\u00e4.<\/p>\n\n\n\n<p>\u2022 Apuraha Tuomas Koponen, It\u00e4-Suomen Yliopisto, Pro Gradu,&nbsp;<em>Yrityksen kasvua selitt\u00e4v\u00e4t tekij\u00e4t \u2013 Yrityksen arvonluonnin tapa kasvua selitett\u00e4ess\u00e4. Case: suomalaiset asiantuntijayritykset.&nbsp;<\/em><\/p>\n\n\n\n<p>\u2022 Avustus Lahden Lyseon lukio, nuorten tiedekurssi,&nbsp;<em>Vesiosaaminen<\/em>.<\/p>\n\n\n\n<p>\u2022 Avustus Lahden 9. luokka,&nbsp;<em>Yrityskyl\u00e4<\/em>.<\/p>\n\n\n\n<p>\u2022 Apuraha Propuu ry:n seminaari.<\/p>\n\n\n\n<p>\u2022 Apuraha Mika Tala HY, Pro Gradu,&nbsp;<em>Kuluttajatutkimuskeskus, Alueellisten yritt\u00e4jyysekosysteemien rakentuminen biotalous ja digitalisaatiosektoreilla.<\/em><\/p>\n\n\n\n<p>\u2022 Apuraha P\u00e4ij\u00e4t-H\u00e4meen Vesij\u00e4rvis\u00e4\u00e4ti\u00f6,&nbsp;<em>J\u00e4rvien kunnostus ja ravinteiden kierr\u00e4tys sis\u00e4ist\u00e4 kuormitusta hy\u00f6dynt\u00e4m\u00e4ll\u00e4 \u2013 alusveden puhdistuksen uusi sovellus,&nbsp;<\/em>Jukka Horppila.<\/p>\n\n\n\n<p>\u2022 Avustus lasten ja nuorten robotiikkakerhotoiminnan k\u00e4ynnist\u00e4miseen P\u00e4ij\u00e4t-H\u00e4meess\u00e4 (Luma -keskus, luonnontieteet, matematiikka ja teknologia).<\/p>\n\n\n\n<p>\u2022 Avustus ProPuu yhdistyksen&nbsp;<em>Ajan veist\u00e4m\u00f6t&nbsp;<\/em>-kutsun\u00e4yttelyyn.<\/p>\n\n\n\n<p>\u2022 Avustus Lahden ammattikorkeakoulun Muotoiluinstituutin muoti- ja vaatesuunnittelun opiskelijoiden&nbsp;<em>Koe17<\/em>-muotin\u00e4yt\u00f6ksen toteuttamiseen.<\/p>\n\n\n\n<p>\u2022 Apuraha tekniikan tohtori Toni M\u00e4nnist\u00f6n ja v\u00e4it\u00f6skirjatutkija Lauri Savirannan tutkimukseen&nbsp;<em>Liikkuminen palveluna (MaaS) Lahden seudulla.<\/em><\/p>\n\n\n\n<p>\u2022 Apuraha Emilia Toivanen JYU, apuraha diplomity\u00f6h\u00f6n&nbsp;<em>Lahden seudun aluetaloudellisen kehityksen tutkimus.<\/em><\/p>\n\n\n\n<p>\u2022 Apuraha Annika Nurmi LUT pro gradu ty\u00f6,&nbsp;<em>Ravinteiden kiertotalous.<\/em><\/p>\n\n\n\n<p>\u2022 Apuraha Jukka Oksa,&nbsp;<em>Lahden alueen yhteiskuntasuhteiden muutos<\/em>, jatkotutkimus.<\/p>\n\n\n\n<p>\u2022 Apuraha, P\u00e4ij\u00e4t-H\u00e4meen tutkimusseura, A<em>jatuspajat.<\/em><\/p>\n\n\n\n<p>\u2022 Apuraha Jukka Oksa,&nbsp;<em>Teollisuuden merkitys Lahden alueen kehityksess\u00e4.<\/em><\/p>\n\n\n\n<p>\u2022 Apuraha P\u00e4ij\u00e4t-H\u00e4meen tutkimusseura,&nbsp;<em>Teollisuuden aluevaikutusta koskeva esiselvitys<\/em><\/p>\n\n\n\n<p>\u2022 Avustus Lahden alueen nuorten Your Hope -seminaarimatka<\/p>\n\n\n\n<p>\u2022 Tunnustuspalkinto Teknoware Oy, M<em>uotoilun merkityksen<\/em> <em>ymm\u00e4rt\u00e4minen ja muotoilun k\u00e4yt\u00f6n omaksuminen keskeiseksi osaksi tuotekehityst\u00e4 ja yrityksen kilpailukyky\u00e4<\/em><\/p>\n","protected":false},"excerpt":{"rendered":"<p>Lahden Teollisuusseuran S\u00e4\u00e4ti\u00f6 on t\u00e4h\u00e4n menness\u00e4 my\u00f6nt\u00e4nyt avustuksia ja apurahoja yli 340 000 euron arvosta. \u2022 LAB Sustainable Solutions Food Pilot Plant, 5v ohjelma. 10 000\u20ac\/v 2023- 2027. \u2022 Tua Valtonen, HY, pro gradu. Lahden Niemen alueen teollisuuden tilojen purkamisesta syntyvien materiaalien kierr\u00e4tys. \u2022 Juulia Koskinen, LUT diplomity\u00f6. Selvitys kiertotalouden liiketoimintamahdollisuuksista tekstiili ja vaatealalla. \u2022 [&hellip;]<\/p>\n","protected":false},"author":1,"featured_media":649,"parent":4,"menu_order":0,"comment_status":"closed","ping_status":"closed","template":"","meta":{"footnotes":""},"class_list":["post-64","page","type-page","status-publish","has-post-thumbnail","hentry"],"_links":{"self":[{"href":"https:\/\/www.lahdenteollisuusseuransaatio.fi\/index.php?rest_route=\/wp\/v2\/pages\/64","targetHints":{"allow":["GET"]}}],"collection":[{"href":"https:\/\/www.lahdenteollisuusseuransaatio.fi\/index.php?rest_route=\/wp\/v2\/pages"}],"about":[{"href":"https:\/\/www.lahdenteollisuusseuransaatio.fi\/index.php?rest_route=\/wp\/v2\/types\/page"}],"author":[{"embeddable":true,"href":"https:\/\/www.lahdenteollisuusseuransaatio.fi\/index.php?rest_route=\/wp\/v2\/users\/1"}],"replies":[{"embeddable":true,"href":"https:\/\/www.lahdenteollisuusseuransaatio.fi\/index.php?rest_route=%2Fwp%2Fv2%2Fcomments&post=64"}],"version-history":[{"count":27,"href":"https:\/\/www.lahdenteollisuusseuransaatio.fi\/index.php?rest_route=\/wp\/v2\/pages\/64\/revisions"}],"predecessor-version":[{"id":771,"href":"https:\/\/www.lahdenteollisuusseuransaatio.fi\/index.php?rest_route=\/wp\/v2\/pages\/64\/revisions\/771"}],"up":[{"embeddable":true,"href":"https:\/\/www.lahdenteollisuusseuransaatio.fi\/index.php?rest_route=\/wp\/v2\/pages\/4"}],"wp:featuredmedia":[{"embeddable":true,"href":"https:\/\/www.lahdenteollisuusseuransaatio.fi\/index.php?rest_route=\/wp\/v2\/media\/649"}],"wp:attachment":[{"href":"https:\/\/www.lahdenteollisuusseuransaatio.fi\/index.php?rest_route=%2Fwp%2Fv2%2Fmedia&parent=64"}],"curies":[{"name":"wp","href":"https:\/\/api.w.org\/{rel}","templated":true}]}}