{"id":61,"date":"2017-09-25T10:48:00","date_gmt":"2017-09-25T07:48:00","guid":{"rendered":"https:\/\/lahdenteollisuusseuransaatio.wordpress.com\/?page_id=61"},"modified":"2020-10-30T10:58:20","modified_gmt":"2020-10-30T08:58:20","slug":"saation-tehtavat","status":"publish","type":"page","link":"https:\/\/www.lahdenteollisuusseuransaatio.fi\/?page_id=61","title":{"rendered":"S\u00e4\u00e4ti\u00f6n teht\u00e4v\u00e4t"},"content":{"rendered":"<h2>Teollisuusseuran s\u00e4\u00e4ti\u00f6<\/h2>\n<h3>\u2013 avustusten ja apurahojen jakaja sek\u00e4 palkitsija<\/h3>\n<p>Avustusten, apurahojen ja palkitsemisten kohdevalinta on vaativa teht\u00e4v\u00e4, johon s\u00e4\u00e4ti\u00f6 k\u00e4ytt\u00e4\u00e4 my\u00f6s yhteiskunnallisen kehityksen arvostettuja asiantuntijoita. S\u00e4\u00e4ti\u00f6 pyrkii tunnistamaan ajassa ilmenevi\u00e4 ja tulevaisuudessa kasvavia kysymyksi\u00e4, jotka vaikuttavat Lahden ja sen ymp\u00e4rist\u00f6n taloudelliseen ja yhteiskunnalliseen kehitykseen, ja joihin vastaamiseen tarvitaan lis\u00e4\u00e4 kannustamista, avustuksia ja apurahoja. Saajina voivat olla yksityishenkil\u00f6t tai yhteis\u00f6t.&nbsp; Teollisuuteen ja liike-el\u00e4m\u00e4\u00e4n liittyv\u00e4 koulutus- ja tutkimustoiminta on taloudellisen kehityksen keskeinen tukiteema.<\/p>\n<h3>\u2013 tiedottaja<\/h3>\n<p>S\u00e4\u00e4ti\u00f6 toimii t\u00e4yden avoimuuden periaatteiden mukaisesti. S\u00e4\u00e4ti\u00f6 tiedottaa p\u00e4\u00e4asiassa kotisivuillaan toiminnastaan ja tekemist\u00e4\u00e4n avustusp\u00e4\u00e4t\u00f6ksist\u00e4, lahjoituksista ja palkitsemisista. S\u00e4\u00e4ti\u00f6n kotisivuilta l\u00f6ytyy my\u00f6s ohjeet tuenhakijoille tai palkittavien ehdottajille.<\/p>\n<p>&nbsp;<\/p>\n","protected":false},"excerpt":{"rendered":"<p>Teollisuusseuran s\u00e4\u00e4ti\u00f6 \u2013 avustusten ja apurahojen jakaja sek\u00e4 palkitsija Avustusten, apurahojen ja palkitsemisten kohdevalinta on vaativa teht\u00e4v\u00e4, johon s\u00e4\u00e4ti\u00f6 k\u00e4ytt\u00e4\u00e4 my\u00f6s yhteiskunnallisen kehityksen arvostettuja asiantuntijoita. S\u00e4\u00e4ti\u00f6 pyrkii tunnistamaan ajassa ilmenevi\u00e4 ja tulevaisuudessa kasvavia kysymyksi\u00e4, jotka vaikuttavat Lahden ja sen ymp\u00e4rist\u00f6n taloudelliseen ja yhteiskunnalliseen kehitykseen, ja joihin vastaamiseen tarvitaan lis\u00e4\u00e4 kannustamista, avustuksia ja apurahoja. Saajina voivat [&hellip;]<\/p>\n","protected":false},"author":1,"featured_media":648,"parent":336,"menu_order":0,"comment_status":"closed","ping_status":"closed","template":"","meta":{"footnotes":""},"class_list":["post-61","page","type-page","status-publish","has-post-thumbnail","hentry"],"_links":{"self":[{"href":"https:\/\/www.lahdenteollisuusseuransaatio.fi\/index.php?rest_route=\/wp\/v2\/pages\/61","targetHints":{"allow":["GET"]}}],"collection":[{"href":"https:\/\/www.lahdenteollisuusseuransaatio.fi\/index.php?rest_route=\/wp\/v2\/pages"}],"about":[{"href":"https:\/\/www.lahdenteollisuusseuransaatio.fi\/index.php?rest_route=\/wp\/v2\/types\/page"}],"author":[{"embeddable":true,"href":"https:\/\/www.lahdenteollisuusseuransaatio.fi\/index.php?rest_route=\/wp\/v2\/users\/1"}],"replies":[{"embeddable":true,"href":"https:\/\/www.lahdenteollisuusseuransaatio.fi\/index.php?rest_route=%2Fwp%2Fv2%2Fcomments&post=61"}],"version-history":[{"count":3,"href":"https:\/\/www.lahdenteollisuusseuransaatio.fi\/index.php?rest_route=\/wp\/v2\/pages\/61\/revisions"}],"predecessor-version":[{"id":665,"href":"https:\/\/www.lahdenteollisuusseuransaatio.fi\/index.php?rest_route=\/wp\/v2\/pages\/61\/revisions\/665"}],"up":[{"embeddable":true,"href":"https:\/\/www.lahdenteollisuusseuransaatio.fi\/index.php?rest_route=\/wp\/v2\/pages\/336"}],"wp:featuredmedia":[{"embeddable":true,"href":"https:\/\/www.lahdenteollisuusseuransaatio.fi\/index.php?rest_route=\/wp\/v2\/media\/648"}],"wp:attachment":[{"href":"https:\/\/www.lahdenteollisuusseuransaatio.fi\/index.php?rest_route=%2Fwp%2Fv2%2Fmedia&parent=61"}],"curies":[{"name":"wp","href":"https:\/\/api.w.org\/{rel}","templated":true}]}}