{"id":571,"date":"2019-02-22T14:00:49","date_gmt":"2019-02-22T12:00:49","guid":{"rendered":"http:\/\/www.lahdenteollisuusseuransaatio.fi\/?page_id=571"},"modified":"2026-03-24T09:29:18","modified_gmt":"2026-03-24T07:29:18","slug":"gradut","status":"publish","type":"page","link":"https:\/\/www.lahdenteollisuusseuransaatio.fi\/?page_id=571","title":{"rendered":"Gradut, diplomity\u00f6t, YAMK ty\u00f6t"},"content":{"rendered":"<p><strong>Lahden Teollisuusseuran S\u00e4\u00e4ti\u00f6n tukemat gradut, diplomity\u00f6t ja YAMK opinn\u00e4ytety\u00f6t:<\/strong><\/p>\n<p><a href=\"https:\/\/lutpub.lut.fi\/bitstream\/handle\/10024\/170702\/Laura%20Partanen_A4.pdf?sequence=1&amp;isAllowed=y\">Environmental sustainability in software-intensive companies in Finland : towards actionable understanding.<\/a> V\u00e4it\u00f6skirja. Laura Partanen 2025.<\/p>\n<p><a href=\"https:\/\/www.lahdenteollisuusseuransaatio.fi\/wp-content\/uploads\/2024\/07\/Maisterintutkielma-1.7.202476-pakattu.pdf\">Teollisuusrakennusten purkumateriaalien uudelleenk\u00e4ytt\u00f6 ja kierr\u00e4tysmahdollisuudet. Lahden kaupungin Niemi Living Lab -hanke<\/a>. Pro gradu -tutkielma. Tua Valtonen 2024.<\/p>\n<p><a href=\"https:\/\/www.lahdenteollisuusseuransaatio.fi\/wp-content\/uploads\/2024\/06\/Progradu_Karki_Taina.pdf\">CSRD-DIREKTIIVIN MUKAISEN KEST\u00c4VYYSRAPORTOINNIN K\u00c4YNNIST\u00c4MINEN PK-YRITYKSESS\u00c4 Raportointivaatimukset ja toimintojen v\u00e4linen yhteisty\u00f6 kest\u00e4vyysraportoinnin organisoinnissa.<\/a> Pro Gradu. Taina K\u00e4rki 2024.<\/p>\n<p><a href=\"https:\/\/www.lahdenteollisuusseuransaatio.fi\/wp-content\/uploads\/2023\/11\/diplomityo_ala-vainio_ulla.pdf\">YRITYSVASTUUN VAIKUTUS HENKIL\u00d6ST\u00d6N PITOVOIMAAN ORGANISAATIOISSA<\/a>. Tuotantotalouden diplomity\u00f6. Ulla Ala-Vainio 2023.<\/p>\n<p><a href=\"https:\/\/www.lahdenteollisuusseuransaatio.fi\/wp-content\/uploads\/2023\/11\/Diplomityo_Koskinen_Juulia.pdf\" target=\"_blank\" rel=\"noopener\">KIERTOTALOUDEN LIIKETOIMINTAMALLIT OSANA LIIKETOIMINTAYMP\u00c4RIST\u00d6N JA KULUTUSTAPOJEN MUUTOSTA<\/a> Tekstiili- ja vaateteollisuuden kiertotalousmahdollisuuksien tunnistaminen ja kiinnostavuuden arviointi kuluttajien keskuudessa. Diplomity\u00f6. Juulia Koskinen 2023.<\/p>\n<p><a href=\"https:\/\/www.lahdenteollisuusseuransaatio.fi\/wp-content\/uploads\/2023\/05\/Janne-Juopperi-Diplomityo\u0308.pdf\" target=\"_blank\" rel=\"noopener\">Kannettavan kolmipistetaivutuslaitteen kehitys<\/a>. Diplomity\u00f6. Janne Juopperi 2023.<\/p>\n<p><a href=\"https:\/\/www.lahdenteollisuusseuransaatio.fi\/wp-content\/uploads\/2022\/10\/Krupka_Minna-YAMK-LAB.pdf\">Strategian sis\u00e4ll\u00f6n kehitt\u00e4minen UX-kirjoittamalla \u2013 tapaus: LAB-ammattikorkeakoulu.<\/a> YAMK opinn\u00e4ytety\u00f6. Minna Krupka 2022.<\/p>\n<p><a href=\"https:\/\/www.lahdenteollisuusseuransaatio.fi\/wp-content\/uploads\/2021\/12\/Tala_Mika_tutkielma_2021.pdf\">CHANGE AND PATH DEPENDENCE IN ENTREPRENEURIAL ECOSYSTEMS: Comparison of emerging bioeconomy in two Finnish case regions <\/a> ProGradu -tutkielma 2021, Mika Tala.<\/p>\n<p><a href=\"https:\/\/www.lahdenteollisuusseuransaatio.fi\/wp-content\/uploads\/2021\/05\/Takki_Laura_Maisterintutkielma_2021.pdf\">VASTUULLISUUS EI OLE MIK\u00c4\u00c4N EL\u00c4M\u00c4N ERILLINEN<\/a><a href=\"https:\/\/www.lahdenteollisuusseuransaatio.fi\/wp-content\/uploads\/2021\/12\/Tala_Mika_tutkielma_2021.pdf\">CHANGE AND PATH DEPENDENCE IN ENTREPRENEURIAL ECOSYSTEMS: Comparison of emerging bioeconomy in two Finnish case regions <\/a><a href=\"https:\/\/www.lahdenteollisuusseuransaatio.fi\/wp-content\/uploads\/2021\/05\/Takki_Laura_Maisterintutkielma_2021.pdf\"> SAAREKE.<\/a> Maisterintutkielma. Takki Laura 2021.<\/p>\n<p><a href=\"https:\/\/www.lahdenteollisuusseuransaatio.fi\/wp-content\/uploads\/2021\/01\/emilia.varela.opinnaytetyo.syys2020-2.pdf\" target=\"_blank\" rel=\"noreferrer noopener\">INKLUSIIVISUUTTA TUTKIVA VAATEMALLISTO PY\u00d6R\u00c4TUOLIA K\u00c4YTT\u00c4VIEN HENKIL\u00d6IDEN INSPIROIMANA<\/a><em><a href=\"https:\/\/www.lahdenteollisuusseuransaatio.fi\/wp-content\/uploads\/2021\/01\/emilia.varela.opinnaytetyo.syys2020-2.pdf\" target=\"_blank\" rel=\"noreferrer noopener\">, <\/a><\/em>Opinn\u00e4ytety\u00f6 2020, V\u00e4rel\u00e4 Emilia<\/p>\n<p><a href=\"http:\/\/www.lahdenteollisuusseuransaatio.fi\/wp-content\/uploads\/2020\/12\/KekkiOssi_PDFA-2.pdf\" target=\"_blank\" rel=\"noopener noreferrer\">MILT\u00c4 YMP\u00c4RIST\u00d6KAUPUNKI N\u00c4YTT\u00c4\u00c4? Ymp\u00e4rist\u00f6kaupungin imago Lahden kaupunkimaisemassa.<\/a> Pro Gradu -tutkielma 2020, Kekki Ossi<\/p>\n<p><a href=\"http:\/\/www.lahdenteollisuusseuransaatio.fi\/wp-content\/uploads\/2020\/04\/diplomityo_niemela_johan.pdf\">TEOLLISUUDEN HUKKAL\u00c4MM\u00d6N HY\u00d6DYNT\u00c4MINEN, CASE: Lastulevytehtaan paluulauhde, <\/a><span style=\"font-size: inherit;\">Diplomity\u00f6 2020, Niemel\u00e4 Johan<\/span><\/p>\n<p><a href=\"http:\/\/www.lahdenteollisuusseuransaatio.fi\/wp-content\/uploads\/2019\/03\/KoponenTuomas2019.pdf\">ARVONLUONNIN TAPA JA YRITYKSEN KASVUA SELITT\u00c4V\u00c4T TEKIJ\u00c4T, Suomalaiset tietointensiiviset yritykset,<\/a> Pro Gradu -tutkielma 2019, Koponen Tuomas<\/p>\n<p><a href=\"http:\/\/www.lahdenteollisuusseuransaatio.fi\/wp-content\/uploads\/2019\/02\/Diplomity\u00f6_Annika_Nurmi.pdf\">RAVINTEIDEN KIERTOTALOUS P\u00c4IJ\u00c4T-H\u00c4MEESS\u00c4<\/a>, Diplomity\u00f6 2017, Nurmi Annika<\/p>\n<p><a href=\"http:\/\/www.lahdenteollisuusseuransaatio.fi\/wp-content\/uploads\/2019\/02\/Progradu-tutkielma-2017_Toivanen_Emilia.pdf\">ALUEELLISEN KILPAILUKYVYN NELJ\u00c4 ELEMENTTI\u00c4<\/a>,\u00a0Pro gradu -tutkielma 2017, Toivanen Emilia<\/p>\n<p><a href=\"https:\/\/www.lahdenteollisuusseuransaatio.fi\/wp-content\/uploads\/2025\/05\/Lahtinen_Tiina.pdf\">PURKUBETONISTA UUDEN BETONIN RAAKA-AINEEKSI<\/a> , Opinn\u00e4ytety\u00f6 2025, Lahtinen, Tiina<\/p>\n","protected":false},"excerpt":{"rendered":"<p>Lahden Teollisuusseuran S\u00e4\u00e4ti\u00f6n tukemat gradut, diplomity\u00f6t ja YAMK opinn\u00e4ytety\u00f6t: Environmental sustainability in software-intensive companies in Finland : towards actionable understanding. V\u00e4it\u00f6skirja. Laura Partanen 2025. Teollisuusrakennusten purkumateriaalien uudelleenk\u00e4ytt\u00f6 ja kierr\u00e4tysmahdollisuudet. Lahden kaupungin Niemi Living Lab -hanke. Pro gradu -tutkielma. Tua Valtonen 2024. CSRD-DIREKTIIVIN MUKAISEN KEST\u00c4VYYSRAPORTOINNIN K\u00c4YNNIST\u00c4MINEN PK-YRITYKSESS\u00c4 Raportointivaatimukset ja toimintojen v\u00e4linen yhteisty\u00f6 kest\u00e4vyysraportoinnin organisoinnissa. Pro Gradu. [&hellip;]<\/p>\n","protected":false},"author":1,"featured_media":649,"parent":4,"menu_order":0,"comment_status":"closed","ping_status":"closed","template":"","meta":{"footnotes":""},"class_list":["post-571","page","type-page","status-publish","has-post-thumbnail","hentry"],"_links":{"self":[{"href":"https:\/\/www.lahdenteollisuusseuransaatio.fi\/index.php?rest_route=\/wp\/v2\/pages\/571","targetHints":{"allow":["GET"]}}],"collection":[{"href":"https:\/\/www.lahdenteollisuusseuransaatio.fi\/index.php?rest_route=\/wp\/v2\/pages"}],"about":[{"href":"https:\/\/www.lahdenteollisuusseuransaatio.fi\/index.php?rest_route=\/wp\/v2\/types\/page"}],"author":[{"embeddable":true,"href":"https:\/\/www.lahdenteollisuusseuransaatio.fi\/index.php?rest_route=\/wp\/v2\/users\/1"}],"replies":[{"embeddable":true,"href":"https:\/\/www.lahdenteollisuusseuransaatio.fi\/index.php?rest_route=%2Fwp%2Fv2%2Fcomments&post=571"}],"version-history":[{"count":31,"href":"https:\/\/www.lahdenteollisuusseuransaatio.fi\/index.php?rest_route=\/wp\/v2\/pages\/571\/revisions"}],"predecessor-version":[{"id":1032,"href":"https:\/\/www.lahdenteollisuusseuransaatio.fi\/index.php?rest_route=\/wp\/v2\/pages\/571\/revisions\/1032"}],"up":[{"embeddable":true,"href":"https:\/\/www.lahdenteollisuusseuransaatio.fi\/index.php?rest_route=\/wp\/v2\/pages\/4"}],"wp:featuredmedia":[{"embeddable":true,"href":"https:\/\/www.lahdenteollisuusseuransaatio.fi\/index.php?rest_route=\/wp\/v2\/media\/649"}],"wp:attachment":[{"href":"https:\/\/www.lahdenteollisuusseuransaatio.fi\/index.php?rest_route=%2Fwp%2Fv2%2Fmedia&parent=571"}],"curies":[{"name":"wp","href":"https:\/\/api.w.org\/{rel}","templated":true}]}}