{"id":57,"date":"2017-09-25T10:43:19","date_gmt":"2017-09-25T07:43:19","guid":{"rendered":"https:\/\/lahdenteollisuusseuransaatio.wordpress.com\/?page_id=57"},"modified":"2020-10-30T10:58:12","modified_gmt":"2020-10-30T08:58:12","slug":"saation-saannot","status":"publish","type":"page","link":"https:\/\/www.lahdenteollisuusseuransaatio.fi\/?page_id=57","title":{"rendered":"S\u00e4\u00e4ti\u00f6n s\u00e4\u00e4nn\u00f6t"},"content":{"rendered":"<p><strong>Lahden Teollisuusseuran S\u00e4\u00e4ti\u00f6n s\u00e4\u00e4nn\u00f6t:<\/strong><\/p>\n<p><strong>1 \u00a7<\/strong><\/p>\n<p>S\u00e4\u00e4ti\u00f6n nimi on Lahden Teollisuusseuran S\u00e4\u00e4ti\u00f6 sr ja sen kotipaikka on Lahden kaupunki.<\/p>\n<p><strong>2 \u00a7<\/strong><\/p>\n<p>S\u00e4\u00e4ti\u00f6n tarkoitus on edist\u00e4\u00e4 taloudellista, yhteiskunnallista kehityst\u00e4 Lahdessa ja sen ymp\u00e4rist\u00f6ss\u00e4 sek\u00e4 tukea teollisuuteen ja liike-el\u00e4m\u00e4\u00e4n liittyv\u00e4\u00e4 koulutus- ja tutkimustoimintaa.<\/p>\n<p><strong>3 \u00a7<\/strong><\/p>\n<p>S\u00e4\u00e4ti\u00f6 voi toteuttaa tarkoitustaan:<\/p>\n<ul>\n<li>tukemalla liiketaloutta edist\u00e4v\u00e4\u00e4 koulutus- ja tiedotustoimintaa sek\u00e4 teknist\u00e4 ja taloudellista tutkimus-, hanke- ja valistustoimintaa<\/li>\n<li>jakamalla apurahoja ja avustuksia<\/li>\n<li>toimimalla kaikilla muillakin tavoilla tarkoituksensa<\/li>\n<\/ul>\n<p><strong>4 \u00a7<\/strong><\/p>\n<p>S\u00e4\u00e4ti\u00f6 on oikeutettu vastaanottamaan lahjoituksia, testamentteja ja avustuksia sek\u00e4 muulla laillisella tavalla kartuttamaan omaisuuttaan.<\/p>\n<p>S\u00e4\u00e4ti\u00f6n varainhoidon on oltava suunnitelmallista.<\/p>\n<p><strong>5 \u00a7<\/strong><\/p>\n<p>S\u00e4\u00e4ti\u00f6n hallintoelimin\u00e4 ovat valtuuskunta ja hallitus. S\u00e4\u00e4ti\u00f6ll\u00e4 voi olla asiamies tai toimitusjohtaja ja toimitusjohtajalla voi olla sijainen.<\/p>\n<p><strong>6 \u00a7<\/strong><\/p>\n<p>Valtuuskunta tukee s\u00e4\u00e4ti\u00f6n toimintaa.<\/p>\n<p>Valtuuskuntana toimii Lahden Teollisuusseura r.y:lle kulloinkin valittu hallitus ja valtuuskunnan puheenjohtajana Lahden Teollisuusseura r.y:n puheenjohtaja sek\u00e4 varapuheenjohtajana Lahden Teollisuusseura r.y:n hallituksen varapuheenjohtaja.<\/p>\n<p>Valtuuskunnan j\u00e4senet ovat toiminnastaan vastuussa s\u00e4\u00e4ti\u00f6lle.<\/p>\n<p><strong>7 \u00a7<\/strong><\/p>\n<p>Valtuuskunta kokoontuu vuosittain vuosikokoukseen toukokuun loppuun menness\u00e4 ja syyskokoukseen marraskuussa.<\/p>\n<p>Valtuuskunta kokoontuu muulloinkin, jos valtuuskunta, valtuuskunnan puheenjohtaja tai s\u00e4\u00e4ti\u00f6n hallitus pit\u00e4v\u00e4t sit\u00e4 tarpeellisena tai jos v\u00e4hint\u00e4\u00e4n kaksi valtuuskunnan j\u00e4sent\u00e4 sit\u00e4 kirjallisesti puheenjohtajalta vaatii.<\/p>\n<p>Valtuuskunnan puheenjohtaja vastaa siit\u00e4, ett\u00e4 valtuuskunta kokoontuu tarvittaessa. Kutsu valtuuskunnan kokoukseen on l\u00e4hetett\u00e4v\u00e4 valtuuskunnan j\u00e4senen s\u00e4\u00e4ti\u00f6lle toimittamaan osoitteeseen v\u00e4hint\u00e4\u00e4n seitsem\u00e4n p\u00e4iv\u00e4\u00e4 ennen kokousta.&nbsp;Kokouskutsussa on mainittava kokouksessa k\u00e4sitelt\u00e4v\u00e4t asiat.<\/p>\n<p>Valtuuskunta on p\u00e4\u00e4t\u00f6svaltainen, kun kokouksessa on l\u00e4sn\u00e4 puheenjohtaja tai varapuheenjohtaja sek\u00e4 v\u00e4hint\u00e4\u00e4n puolet muista j\u00e4senist\u00e4.<\/p>\n<p>Valtuuskunnan p\u00e4\u00e4t\u00f6kseksi tulee ehdotus, jota on kannattanut yli puolet l\u00e4sn\u00e4 olevista j\u00e4senist\u00e4, jollei n\u00e4iss\u00e4 s\u00e4\u00e4nn\u00f6iss\u00e4 m\u00e4\u00e4r\u00e4t\u00e4 suuremmasta enemmist\u00f6st\u00e4. Jos \u00e4\u00e4net menev\u00e4t tasan, ratkaisee puheenjohtajan \u00e4\u00e4ni.<\/p>\n<p>Hallituksen j\u00e4senen erottamista koskeva p\u00e4\u00e4t\u00f6s on p\u00e4tev\u00e4, jos ehdotusta on kannattanut v\u00e4hint\u00e4\u00e4n kolme nelj\u00e4sosa kaikista valtuuskunnan j\u00e4senist\u00e4. P\u00e4\u00e4t\u00f6st\u00e4 hallituksen j\u00e4senen erottamista koskevasta asiasta ei saa tehd\u00e4, jos asiaa ei ole mainittu valtuuskunnan kokouskutsussa.<\/p>\n<p>Vaalissa tulee valituksi enemm\u00e4n kuin puolet \u00e4\u00e4ni\u00e4 saanut. Jos ensimm\u00e4isell\u00e4 kerralla kukaan ehdokkaista ei saa yli puolta \u00e4\u00e4nist\u00e4, vaali suoritetaan kahden eniten \u00e4\u00e4ni\u00e4 saaneen v\u00e4lill\u00e4. Jos \u00e4\u00e4net menev\u00e4t t\u00e4ll\u00f6in tasan, vaali ratkaistaan arvalla.<\/p>\n<p>Valtuuskunnan kokouksesta on laadittava p\u00f6yt\u00e4kirja, jonka allekirjoittavat puheenjohtaja ja v\u00e4hint\u00e4\u00e4n yksi valtuuskunnan j\u00e4sen.<\/p>\n<p><strong>8 \u00a7<\/strong><\/p>\n<p>Valtuuskunnan vuosikokouksessa k\u00e4sitell\u00e4\u00e4n seuraavat asiat:<\/p>\n<ol>\n<li>Esitet\u00e4\u00e4n tilinp\u00e4\u00e4t\u00f6s, hallituksen kertomus edelliselt\u00e4 tilikaudelta ja tilintarkastajien lausunto sek\u00e4 keskustellaan niist\u00e4 toimenpiteist\u00e4, joihin ne mahdollisesti antavat aihetta.<\/li>\n<li>K\u00e4sitell\u00e4\u00e4n muut kokouskutsussa mainitut<\/li>\n<\/ol>\n<p>Valtuuskunnansyyskokouksessa k\u00e4sitell\u00e4\u00e4n seuraavat asiat:<\/p>\n<ol>\n<li>Valitaan s\u00e4\u00e4ti\u00f6lle seuraavaksi kalenterivuodeksi v\u00e4hint\u00e4\u00e4n yksi tilintarkastaja tai tilintarkastusyhteis\u00f6 ja p\u00e4\u00e4tet\u00e4\u00e4n t\u00e4m\u00e4n palkkiosta. Mik\u00e4li valittu ei ole tilintarkastusyhteis\u00f6, on valittava lis\u00e4ksi varatilintarkastaja, joka voi olla my\u00f6s tilintarkastusyhteis\u00f6.<\/li>\n<li>K\u00e4sitell\u00e4\u00e4n hallituksen ehdotus seuraavan vuoden talousarvioksi.<\/li>\n<li>K\u00e4sitell\u00e4\u00e4n hallituksen puheenjohtajan ja j\u00e4senten kokouspalkkiot seuraavaksi vuodeksi.<\/li>\n<li>Valitaan hallituksen j\u00e4sen erovuorossa olevan tilalle.<\/li>\n<li>Valitaan hallituksen puheenjohtaja seuraavaksi kalenterivuodeksi hallituksen j\u00e4senten keskuudesta.<\/li>\n<li>K\u00e4sitell\u00e4\u00e4n muut kokouskutsussa mainitut<\/li>\n<\/ol>\n<p><strong>9 \u00a7<\/strong><\/p>\n<p>S\u00e4\u00e4ti\u00f6n hallituksessa on nelj\u00e4 nelj\u00e4ksi kalenterivuodeksi valittua j\u00e4sent\u00e4. J\u00e4senist\u00e4 on kunakin kalenterivuonna erovuorossa yksi.<\/p>\n<p>Hallituksen j\u00e4senen luopuessa j\u00e4senyydest\u00e4 tai j\u00e4senen paikan tultua muuten avoimeksi kesken toimikauden paikka t\u00e4ytet\u00e4\u00e4n j\u00e4ljell\u00e4 olevaksi toimikaudeksi. Valtuuskunta voi erottaa hallituksen j\u00e4senen kesken toimikauden ja valita j\u00e4ljell\u00e4 olevaksi toimikaudeksi uuden j\u00e4senen.<\/p>\n<p><strong>10 \u00a7 &nbsp;<\/strong><\/p>\n<p>Hallituksen puheenjohtaja vastaa siit\u00e4, ett\u00e4 hallitus kokoontuu tarvittaessa.<\/p>\n<p>Kokouskutsu on l\u00e4hetett\u00e4v\u00e4 hallituksen j\u00e4senen s\u00e4\u00e4ti\u00f6lle toimittamaan osoitteeseen kirjallisesti tai s\u00e4hk\u00f6isestiviimeist\u00e4\u00e4n viisi p\u00e4iv\u00e4\u00e4 ennen kokousta.<\/p>\n<p>Hallitus on p\u00e4\u00e4t\u00f6svaltainen, kun saapuvilla on enemm\u00e4n kuin puolet j\u00e4senist\u00e4.<\/p>\n<p>P\u00e4\u00e4t\u00f6kseksi tulee ehdotus, jota on kannattanut yli puolet l\u00e4sn\u00e4 olevista j\u00e4senist\u00e4, jollei s\u00e4\u00e4ti\u00f6laissa tai n\u00e4iss\u00e4 s\u00e4\u00e4nn\u00f6iss\u00e4 m\u00e4\u00e4r\u00e4t\u00e4 suuremmasta enemmist\u00f6st\u00e4. Esteellist\u00e4 hallituksen j\u00e4sent\u00e4 ei pidet\u00e4 l\u00e4sn\u00e4 olevana. \u00c4\u00e4nten menness\u00e4 tasan ratkaisee puheenjohtajan \u00e4\u00e4ni.<\/p>\n<p>Vaalissa tulee valituksi enemm\u00e4n kuin puolet \u00e4\u00e4ni\u00e4 saanut. Jos ensimm\u00e4isell\u00e4 kerralla kukaan ehdokkaista ei saa yli puolta \u00e4\u00e4nist\u00e4, vaali suoritetaan kahden eniten \u00e4\u00e4ni\u00e4 saaneen v\u00e4lill\u00e4. Jos \u00e4\u00e4net menev\u00e4t t\u00e4ll\u00f6in tasan, vaali ratkaistaan arvalla.<\/p>\n<p><strong>11 \u00a7<\/strong><\/p>\n<p>S\u00e4\u00e4ti\u00f6n nimen kirjoittavat hallituksen j\u00e4senet ja hallituksen siihen oikeuttamat s\u00e4\u00e4ti\u00f6n toimihenkil\u00f6t, aina kaksi yhdess\u00e4. Hallitus voi oikeuttaa henkil\u00f6n kirjoittamaan s\u00e4\u00e4ti\u00f6n nimen yksin.<\/p>\n<p><strong>12 \u00a7<\/strong><\/p>\n<p>N\u00e4iden s\u00e4\u00e4nt\u00f6jen muuttamisesta p\u00e4\u00e4tt\u00e4\u00e4 hallitus. Jotta muutosehdotus tulisi hyv\u00e4ksytyksi, on v\u00e4hint\u00e4\u00e4n 3\/4 hallituksen kaikista j\u00e4senist\u00e4 kannatettava ehdotusta.<\/p>\n<p>S\u00e4\u00e4nt\u00f6jen muuttaminen edellytt\u00e4\u00e4, ett\u00e4 valtuuskunta on antanut suostumuksensa s\u00e4\u00e4nt\u00f6jen muuttamiseen. S\u00e4\u00e4nt\u00f6jen muuttamista koskeva suostumus edellytt\u00e4\u00e4, ett\u00e4 v\u00e4hint\u00e4\u00e4n 3\/4 valtuuskunnan kokouksessa l\u00e4sn\u00e4 olevista j\u00e4senist\u00e4 on kannattanut suostumuksen antamista. P\u00e4\u00e4t\u00f6st\u00e4 s\u00e4\u00e4nt\u00f6jen muuttamista koskevasta asiasta ei saa tehd\u00e4, jos asiaa ei ole mainittu valtuuskunnan kokouskutsussa.<\/p>\n<p>S\u00e4\u00e4ti\u00f6n purkamisesta p\u00e4\u00e4tet\u00e4\u00e4n samassa j\u00e4rjestyksess\u00e4. Jos s\u00e4\u00e4ti\u00f6 purkautuu tai lakkautetaan, luovutetaan s\u00e4\u00e4ti\u00f6n koko omaisuus s\u00e4\u00e4ti\u00f6n tarkoitusta tukevaan toimintaan.<\/p>\n","protected":false},"excerpt":{"rendered":"<p>Lahden Teollisuusseuran S\u00e4\u00e4ti\u00f6n s\u00e4\u00e4nn\u00f6t: 1 \u00a7 S\u00e4\u00e4ti\u00f6n nimi on Lahden Teollisuusseuran S\u00e4\u00e4ti\u00f6 sr ja sen kotipaikka on Lahden kaupunki. 2 \u00a7 S\u00e4\u00e4ti\u00f6n tarkoitus on edist\u00e4\u00e4 taloudellista, yhteiskunnallista kehityst\u00e4 Lahdessa ja sen ymp\u00e4rist\u00f6ss\u00e4 sek\u00e4 tukea teollisuuteen ja liike-el\u00e4m\u00e4\u00e4n liittyv\u00e4\u00e4 koulutus- ja tutkimustoimintaa. 3 \u00a7 S\u00e4\u00e4ti\u00f6 voi toteuttaa tarkoitustaan: tukemalla liiketaloutta edist\u00e4v\u00e4\u00e4 koulutus- ja tiedotustoimintaa sek\u00e4 teknist\u00e4 [&hellip;]<\/p>\n","protected":false},"author":1,"featured_media":648,"parent":336,"menu_order":0,"comment_status":"closed","ping_status":"closed","template":"","meta":{"footnotes":""},"class_list":["post-57","page","type-page","status-publish","has-post-thumbnail","hentry"],"_links":{"self":[{"href":"https:\/\/www.lahdenteollisuusseuransaatio.fi\/index.php?rest_route=\/wp\/v2\/pages\/57","targetHints":{"allow":["GET"]}}],"collection":[{"href":"https:\/\/www.lahdenteollisuusseuransaatio.fi\/index.php?rest_route=\/wp\/v2\/pages"}],"about":[{"href":"https:\/\/www.lahdenteollisuusseuransaatio.fi\/index.php?rest_route=\/wp\/v2\/types\/page"}],"author":[{"embeddable":true,"href":"https:\/\/www.lahdenteollisuusseuransaatio.fi\/index.php?rest_route=\/wp\/v2\/users\/1"}],"replies":[{"embeddable":true,"href":"https:\/\/www.lahdenteollisuusseuransaatio.fi\/index.php?rest_route=%2Fwp%2Fv2%2Fcomments&post=57"}],"version-history":[{"count":2,"href":"https:\/\/www.lahdenteollisuusseuransaatio.fi\/index.php?rest_route=\/wp\/v2\/pages\/57\/revisions"}],"predecessor-version":[{"id":664,"href":"https:\/\/www.lahdenteollisuusseuransaatio.fi\/index.php?rest_route=\/wp\/v2\/pages\/57\/revisions\/664"}],"up":[{"embeddable":true,"href":"https:\/\/www.lahdenteollisuusseuransaatio.fi\/index.php?rest_route=\/wp\/v2\/pages\/336"}],"wp:featuredmedia":[{"embeddable":true,"href":"https:\/\/www.lahdenteollisuusseuransaatio.fi\/index.php?rest_route=\/wp\/v2\/media\/648"}],"wp:attachment":[{"href":"https:\/\/www.lahdenteollisuusseuransaatio.fi\/index.php?rest_route=%2Fwp%2Fv2%2Fmedia&parent=57"}],"curies":[{"name":"wp","href":"https:\/\/api.w.org\/{rel}","templated":true}]}}