{"id":520,"date":"2018-10-17T19:25:22","date_gmt":"2018-10-17T16:25:22","guid":{"rendered":"http:\/\/www.lahdenteollisuusseuransaatio.fi\/?page_id=520"},"modified":"2022-10-17T13:11:18","modified_gmt":"2022-10-17T10:11:18","slug":"laskutustiedot","status":"publish","type":"page","link":"https:\/\/www.lahdenteollisuusseuransaatio.fi\/?page_id=520","title":{"rendered":"Laskutustiedot"},"content":{"rendered":"\n<p><strong>Lahden Teollisuusseuran S\u00e4\u00e4ti\u00f6n laskutustiedot<\/strong><\/p>\n\n\n\n<p><strong>Nimi:<\/strong> Lahden Teollisuusseuran S\u00e4\u00e4ti\u00f6 sr<br><strong>Y-tunnus:<\/strong> 25457031<br><strong>Verkkolaskuosoite:<\/strong> 003725457031<br><br><strong>V\u00e4litt\u00e4j\u00e4:<\/strong> Maventa<br><strong>V\u00e4litt\u00e4j\u00e4tunnus:<\/strong> 003721291126<br><strong>V\u00e4litt\u00e4j\u00e4tunnus pankkiverkosta l\u00e4hetett\u00e4ess\u00e4:<\/strong> DABAFIHH<\/p>\n\n\n\n<p><br><strong>Mik\u00e4li ette pysty l\u00e4hett\u00e4m\u00e4\u00e4n laskuja s\u00e4hk\u00f6isesti, pyyd\u00e4mme toimittamaan paperiset ostolaskut osoitteella: <\/strong><\/p>\n\n\n\n<p>Lahden Teollisuusseuran S\u00e4\u00e4ti\u00f6 sr<br>25457031<br>PL 100<br>80020 Kollektor Scan<br><\/p>\n\n\n\n<p><em>Huomioittehan, ett\u00e4<\/em> s<em>arjanumeron tulee olla mukana jokaisen laskun osoitekent\u00e4ss\u00e4, ei vain kuoressa. K\u00e4yt\u00e4tteh\u00e4n tekstin v\u00e4rin\u00e4 vain mustaa. L\u00e4het\u00e4tteh\u00e4n skannaukseen vain laskuja liitteineen. Etteh\u00e4n k\u00e4yt\u00e4 niittej\u00e4.<\/em><\/p>\n\n\n\n<p><strong>Voitte my\u00f6s l\u00e4hett\u00e4\u00e4 PDF-formaatissa olevia laskuja s\u00e4hk\u00f6postilla seuraavilla ohjeilla:<\/strong><\/p>\n\n\n\n<p>Laskut l\u00e4hetet\u00e4\u00e4n s\u00e4hk\u00f6postin liitetiedostoina.<br>Yksi lasku per tiedosto, joka sis\u00e4lt\u00e4\u00e4 yhden laskun kaikki sivut.<br>Yhdess\u00e4 s\u00e4hk\u00f6postiviestiss\u00e4 voi l\u00e4hett\u00e4\u00e4 useita laskuja. Kaikilla tiedostoilla tulee olla oma nimi.<br>Yksi s\u00e4hk\u00f6posti voi maksimissaan olla 10Mb.<br>PDF-tiedostojen tulee olla aitoja PDF-dokumentteja, versio 1.3 tai uudempi.<br>PDF-tiedostot eiv\u00e4t saa olla lukittuja tai salasanalla suojattuja.<br>Dokumentin ulkomitta voi olla maksimissaan 210 x 297 mm.<br>Liitteen nimi ei saa sis\u00e4lt\u00e4\u00e4 kuin tavallisia kirjoitusmerkkej\u00e4: a-z, A-Z, 0-9.<\/p>\n\n\n\n<p><strong>PDF-muotoiset laskut voi l\u00e4hett\u00e4\u00e4 osoitteella:<\/strong> invoice-25457031@kollektor.fi<\/p>\n","protected":false},"excerpt":{"rendered":"<p>Lahden Teollisuusseuran S\u00e4\u00e4ti\u00f6n laskutustiedot Nimi: Lahden Teollisuusseuran S\u00e4\u00e4ti\u00f6 srY-tunnus: 25457031Verkkolaskuosoite: 003725457031 V\u00e4litt\u00e4j\u00e4: MaventaV\u00e4litt\u00e4j\u00e4tunnus: 003721291126V\u00e4litt\u00e4j\u00e4tunnus pankkiverkosta l\u00e4hetett\u00e4ess\u00e4: DABAFIHH Mik\u00e4li ette pysty l\u00e4hett\u00e4m\u00e4\u00e4n laskuja s\u00e4hk\u00f6isesti, pyyd\u00e4mme toimittamaan paperiset ostolaskut osoitteella: Lahden Teollisuusseuran S\u00e4\u00e4ti\u00f6 sr25457031PL 10080020 Kollektor Scan Huomioittehan, ett\u00e4 sarjanumeron tulee olla mukana jokaisen laskun osoitekent\u00e4ss\u00e4, ei vain kuoressa. K\u00e4yt\u00e4tteh\u00e4n tekstin v\u00e4rin\u00e4 vain mustaa. L\u00e4het\u00e4tteh\u00e4n skannaukseen vain [&hellip;]<\/p>\n","protected":false},"author":1,"featured_media":652,"parent":0,"menu_order":0,"comment_status":"closed","ping_status":"closed","template":"","meta":{"footnotes":""},"class_list":["post-520","page","type-page","status-publish","has-post-thumbnail","hentry"],"_links":{"self":[{"href":"https:\/\/www.lahdenteollisuusseuransaatio.fi\/index.php?rest_route=\/wp\/v2\/pages\/520","targetHints":{"allow":["GET"]}}],"collection":[{"href":"https:\/\/www.lahdenteollisuusseuransaatio.fi\/index.php?rest_route=\/wp\/v2\/pages"}],"about":[{"href":"https:\/\/www.lahdenteollisuusseuransaatio.fi\/index.php?rest_route=\/wp\/v2\/types\/page"}],"author":[{"embeddable":true,"href":"https:\/\/www.lahdenteollisuusseuransaatio.fi\/index.php?rest_route=\/wp\/v2\/users\/1"}],"replies":[{"embeddable":true,"href":"https:\/\/www.lahdenteollisuusseuransaatio.fi\/index.php?rest_route=%2Fwp%2Fv2%2Fcomments&post=520"}],"version-history":[{"count":8,"href":"https:\/\/www.lahdenteollisuusseuransaatio.fi\/index.php?rest_route=\/wp\/v2\/pages\/520\/revisions"}],"predecessor-version":[{"id":758,"href":"https:\/\/www.lahdenteollisuusseuransaatio.fi\/index.php?rest_route=\/wp\/v2\/pages\/520\/revisions\/758"}],"wp:featuredmedia":[{"embeddable":true,"href":"https:\/\/www.lahdenteollisuusseuransaatio.fi\/index.php?rest_route=\/wp\/v2\/media\/652"}],"wp:attachment":[{"href":"https:\/\/www.lahdenteollisuusseuransaatio.fi\/index.php?rest_route=%2Fwp%2Fv2%2Fmedia&parent=520"}],"curies":[{"name":"wp","href":"https:\/\/api.w.org\/{rel}","templated":true}]}}