{"id":4,"date":"2017-09-25T09:48:07","date_gmt":"2017-09-25T06:48:07","guid":{"rendered":"https:\/\/lahdenteollisuusseuransaatio.wordpress.com\/?page_id=4"},"modified":"2024-11-13T13:52:11","modified_gmt":"2024-11-13T11:52:11","slug":"page","status":"publish","type":"page","link":"https:\/\/www.lahdenteollisuusseuransaatio.fi\/?page_id=4","title":{"rendered":"Apurahat"},"content":{"rendered":"<h1><b>Palkinnot, apurahat tai avustukset<\/b><\/h1>\n<p>Lahden Teollisuusseuran S\u00e4\u00e4ti\u00f6 jakaa apurahoja, avustuksia ja tunnustuspalkintoja, joilla\u00a0 edistet\u00e4\u00e4n\u00a0 Lahden sek\u00e4 sen ymp\u00e4rist\u00f6n taloudellista ja yhteiskunnallista kehityst\u00e4. Apurahoja my\u00f6nnet\u00e4\u00e4n yksitt\u00e4isille tutkijoille tai opinn\u00e4ytteiden tekij\u00f6ille. Avustuksia my\u00f6nnet\u00e4\u00e4n tieteellisille tai kulttuuriperint\u00f6\u00e4 vaaliville hankkeille. Tunnustuspalkinto voidaan antaa joko el\u00e4m\u00e4nty\u00f6st\u00e4 tai poikkeuksellisen ansiokkaasta toiminnasta.<\/p>\n<div><\/div>\n","protected":false},"excerpt":{"rendered":"<p>This is just a short excerpt for the&nbsp;page.<\/p>\n","protected":false},"author":1,"featured_media":649,"parent":0,"menu_order":3,"comment_status":"closed","ping_status":"closed","template":"","meta":{"footnotes":""},"class_list":["post-4","page","type-page","status-publish","has-post-thumbnail","hentry"],"_links":{"self":[{"href":"https:\/\/www.lahdenteollisuusseuransaatio.fi\/index.php?rest_route=\/wp\/v2\/pages\/4","targetHints":{"allow":["GET"]}}],"collection":[{"href":"https:\/\/www.lahdenteollisuusseuransaatio.fi\/index.php?rest_route=\/wp\/v2\/pages"}],"about":[{"href":"https:\/\/www.lahdenteollisuusseuransaatio.fi\/index.php?rest_route=\/wp\/v2\/types\/page"}],"author":[{"embeddable":true,"href":"https:\/\/www.lahdenteollisuusseuransaatio.fi\/index.php?rest_route=\/wp\/v2\/users\/1"}],"replies":[{"embeddable":true,"href":"https:\/\/www.lahdenteollisuusseuransaatio.fi\/index.php?rest_route=%2Fwp%2Fv2%2Fcomments&post=4"}],"version-history":[{"count":4,"href":"https:\/\/www.lahdenteollisuusseuransaatio.fi\/index.php?rest_route=\/wp\/v2\/pages\/4\/revisions"}],"predecessor-version":[{"id":850,"href":"https:\/\/www.lahdenteollisuusseuransaatio.fi\/index.php?rest_route=\/wp\/v2\/pages\/4\/revisions\/850"}],"wp:featuredmedia":[{"embeddable":true,"href":"https:\/\/www.lahdenteollisuusseuransaatio.fi\/index.php?rest_route=\/wp\/v2\/media\/649"}],"wp:attachment":[{"href":"https:\/\/www.lahdenteollisuusseuransaatio.fi\/index.php?rest_route=%2Fwp%2Fv2%2Fmedia&parent=4"}],"curies":[{"name":"wp","href":"https:\/\/api.w.org\/{rel}","templated":true}]}}