{"id":341,"date":"2017-09-25T10:50:25","date_gmt":"2017-09-25T07:50:25","guid":{"rendered":"https:\/\/lahdenteollisuusseuransaatio.wordpress.com\/?page_id=67"},"modified":"2026-02-17T11:28:32","modified_gmt":"2026-02-17T09:28:32","slug":"hakuohjeet","status":"publish","type":"page","link":"https:\/\/www.lahdenteollisuusseuransaatio.fi\/?page_id=341","title":{"rendered":"Hakuohjeet"},"content":{"rendered":"<h1><strong>Apurahojen ja avustusten haku<\/strong><\/h1>\n<p><strong>S\u00e4\u00e4ti\u00f6n tarkoitus on edist\u00e4\u00e4 taloudellista, yhteiskunnallista kehityst\u00e4 Lahdessa ja sen ymp\u00e4rist\u00f6ss\u00e4 sek\u00e4 tukea teollisuuteen ja liike-el\u00e4m\u00e4\u00e4n liittyv\u00e4\u00e4 koulutus- ja tutkimustoimintaa.<\/strong><\/p>\n<div>S\u00e4\u00e4ti\u00f6 toteuttaa tarkoitustaan<\/div>\n<div>\u00a0<\/div>\n<ul>\n<li>tukemalla liiketaloutta edist\u00e4v\u00e4\u00e4 koulutus- ja tiedotustoimintaa sek\u00e4 teknist\u00e4 ja taloudellista tutkimus-, hanke- ja valistustoimintaa<\/li>\n<li>jakamalla apurahoja ja avustuksia<\/li>\n<li>toimimalla kaikilla muillakin tavoilla tarkoituksensa toteuttamiseksi<\/li>\n<\/ul>\n\n\n<p>Apurahoista, avustuksista ja palkinnoista p\u00e4\u00e4tt\u00e4\u00e4 s\u00e4\u00e4ti\u00f6n hallitus. Avustushakemuksia ja esityksi\u00e4 saajista voivat tehd\u00e4 yksityiset henkil\u00f6t tai yhteis\u00f6t.\u00a0 Esityksi\u00e4 tehd\u00e4\u00e4n tai avustuksia haetaan t\u00e4ytt\u00e4m\u00e4ll\u00e4 s\u00e4\u00e4ti\u00f6n kotisivuilla oleva s\u00e4hk\u00f6inen lomake. Hakemukseen voi liitt\u00e4\u00e4 parhaaksi katsomansa liitteet. Apuraha on jatkuva.<\/p>\n\n\n\n<p>Lahden Teollisuusseuran S\u00e4\u00e4ti\u00f6 voi my\u00f6nt\u00e4\u00e4 apurahaa my\u00f6s pro gradu-, diplomi- ja YAMK ty\u00f6h\u00f6n. Apurahan suuruus on yleens\u00e4 1000-4000 euroa. Halutessaan s\u00e4\u00e4ti\u00f6 voi jakaa apurahan useamman hakijan kesken. Pro-gradu \/ diplomity\u00f6ll\u00e4 tulee ensisijaisesti olla linkki alueen elinkeinoel\u00e4m\u00e4\u00e4n. My\u00f6s tutkimukset, jotka k\u00e4sittelev\u00e4t Lahden seudun kehityksen ajankohtaisia tai tulevaisuuden kannalta t\u00e4rkeit\u00e4 kysymyksi\u00e4 ovat mahdollisia apurahan saajaksi.<\/p>\n\n\n\n<p>Hakemukseen tulee liitt\u00e4\u00e4 tutkimussuunnitelma ja gradun ohjaajan lausunto sek\u00e4 mahdolliset suositukset.<\/p>\n\n\n\n<p>Mik\u00e4li haet apurahaa englanniksi, pyyd\u00e4mme hakemuksen liitteeksi suomenkielisen yhteenvedon apurahan k\u00e4ytt\u00f6tarkoituksesta.<\/p>\n\n\n\n<p>Luethan <a href=\"https:\/\/www.lahdenteollisuusseuransaatio.fi\/wp-content\/uploads\/2020\/12\/Lahden_Teollisuusseuran_Saatio_tietosuojaseloste_18.12.2020.pdf\" data-type=\"link\" data-id=\"https:\/\/www.lahdenteollisuusseuransaatio.fi\/wp-content\/uploads\/2020\/12\/Lahden_Teollisuusseuran_Saatio_tietosuojaseloste_18.12.2020.pdf\" target=\"_blank\" rel=\"noreferrer noopener\">tietosuojaselosteen <\/a>ennen hakemuksen t\u00e4ytt\u00e4mist\u00e4. <\/p>\n\n\n\n<p>Hae apurahaa <a href=\"https:\/\/www.lahdenteollisuusseuransaatio.fi\/?page_id=793\" data-type=\"link\" data-id=\"https:\/\/www.lahdenteollisuusseuransaatio.fi\/?page_id=793\">t\u00e4\u00e4lt\u00e4<\/a>.<\/p>\n","protected":false},"excerpt":{"rendered":"<p>Apurahojen ja avustusten haku S\u00e4\u00e4ti\u00f6n tarkoitus on edist\u00e4\u00e4 taloudellista, yhteiskunnallista kehityst\u00e4 Lahdessa ja sen ymp\u00e4rist\u00f6ss\u00e4 sek\u00e4 tukea teollisuuteen ja liike-el\u00e4m\u00e4\u00e4n liittyv\u00e4\u00e4 koulutus- ja tutkimustoimintaa. S\u00e4\u00e4ti\u00f6 toteuttaa tarkoitustaan \u00a0 tukemalla liiketaloutta edist\u00e4v\u00e4\u00e4 koulutus- ja tiedotustoimintaa sek\u00e4 teknist\u00e4 ja taloudellista tutkimus-, hanke- ja valistustoimintaa jakamalla apurahoja ja avustuksia toimimalla kaikilla muillakin tavoilla tarkoituksensa toteuttamiseksi Apurahoista, avustuksista ja [&hellip;]<\/p>\n","protected":false},"author":1,"featured_media":649,"parent":4,"menu_order":0,"comment_status":"closed","ping_status":"closed","template":"","meta":{"footnotes":""},"class_list":["post-341","page","type-page","status-publish","has-post-thumbnail","hentry"],"_links":{"self":[{"href":"https:\/\/www.lahdenteollisuusseuransaatio.fi\/index.php?rest_route=\/wp\/v2\/pages\/341","targetHints":{"allow":["GET"]}}],"collection":[{"href":"https:\/\/www.lahdenteollisuusseuransaatio.fi\/index.php?rest_route=\/wp\/v2\/pages"}],"about":[{"href":"https:\/\/www.lahdenteollisuusseuransaatio.fi\/index.php?rest_route=\/wp\/v2\/types\/page"}],"author":[{"embeddable":true,"href":"https:\/\/www.lahdenteollisuusseuransaatio.fi\/index.php?rest_route=\/wp\/v2\/users\/1"}],"replies":[{"embeddable":true,"href":"https:\/\/www.lahdenteollisuusseuransaatio.fi\/index.php?rest_route=%2Fwp%2Fv2%2Fcomments&post=341"}],"version-history":[{"count":34,"href":"https:\/\/www.lahdenteollisuusseuransaatio.fi\/index.php?rest_route=\/wp\/v2\/pages\/341\/revisions"}],"predecessor-version":[{"id":1003,"href":"https:\/\/www.lahdenteollisuusseuransaatio.fi\/index.php?rest_route=\/wp\/v2\/pages\/341\/revisions\/1003"}],"up":[{"embeddable":true,"href":"https:\/\/www.lahdenteollisuusseuransaatio.fi\/index.php?rest_route=\/wp\/v2\/pages\/4"}],"wp:featuredmedia":[{"embeddable":true,"href":"https:\/\/www.lahdenteollisuusseuransaatio.fi\/index.php?rest_route=\/wp\/v2\/media\/649"}],"wp:attachment":[{"href":"https:\/\/www.lahdenteollisuusseuransaatio.fi\/index.php?rest_route=%2Fwp%2Fv2%2Fmedia&parent=341"}],"curies":[{"name":"wp","href":"https:\/\/api.w.org\/{rel}","templated":true}]}}