{"id":336,"date":"2017-09-25T09:48:09","date_gmt":"2017-09-25T06:48:09","guid":{"rendered":"https:\/\/lahdenteollisuusseuransaatio.wordpress.com\/?page_id=2"},"modified":"2024-11-13T13:50:40","modified_gmt":"2024-11-13T11:50:40","slug":"about","status":"publish","type":"page","link":"https:\/\/www.lahdenteollisuusseuransaatio.fi\/?page_id=336","title":{"rendered":"S\u00e4\u00e4ti\u00f6"},"content":{"rendered":"<h2>Lahden Teollisuusseuran S\u00e4\u00e4ti\u00f6<\/h2>\n<p>Lahden Teollisuusseuran S\u00e4\u00e4ti\u00f6 edist\u00e4\u00e4 Lahden ja sen ymp\u00e4rist\u00f6n taloudellista ja yhteiskunnallista kehityst\u00e4, sek\u00e4 tukee teollisuuteen ja liike-el\u00e4m\u00e4\u00e4n liittyv\u00e4\u00e4 koulutus- ja tutkimustoimintaa. Vuosittain s\u00e4\u00e4ti\u00f6 jakaa avustuksia, apurahoja ja palkitsemisia s\u00e4\u00e4ti\u00f6n tarkoitusta toteuttaviin kohteisiin.<\/p>\n<p>Lahden Teollisuusseuran S\u00e4\u00e4ti\u00f6n hallitukseen kuuluvat puheenjohtaja <strong>Martti Lipponen<\/strong> ja j\u00e4senet <strong>Eva Liljeblom<\/strong>, <strong>Tiina Luhtanen<\/strong> ja <strong>Sakari Tamminen. <\/strong>S\u00e4\u00e4ti\u00f6n asiamiehen\u00e4 toimii <strong>Valtteri Simola<\/strong>.<\/p>\n<p><img loading=\"lazy\" decoding=\"async\" class=\"alignnone wp-image-187\" src=\"https:\/\/lahdenteollisuusseuransaatio.files.wordpress.com\/2017\/09\/lts-saatio_rgb.png\" alt=\"LTS-SAATIO_rgb\" width=\"205\" height=\"101\" \/><\/p>\n","protected":false},"excerpt":{"rendered":"<p>This is just a short excerpt for the about&nbsp;page.<\/p>\n","protected":false},"author":1,"featured_media":648,"parent":0,"menu_order":2,"comment_status":"closed","ping_status":"closed","template":"","meta":{"footnotes":""},"class_list":["post-336","page","type-page","status-publish","has-post-thumbnail","hentry"],"_links":{"self":[{"href":"https:\/\/www.lahdenteollisuusseuransaatio.fi\/index.php?rest_route=\/wp\/v2\/pages\/336","targetHints":{"allow":["GET"]}}],"collection":[{"href":"https:\/\/www.lahdenteollisuusseuransaatio.fi\/index.php?rest_route=\/wp\/v2\/pages"}],"about":[{"href":"https:\/\/www.lahdenteollisuusseuransaatio.fi\/index.php?rest_route=\/wp\/v2\/types\/page"}],"author":[{"embeddable":true,"href":"https:\/\/www.lahdenteollisuusseuransaatio.fi\/index.php?rest_route=\/wp\/v2\/users\/1"}],"replies":[{"embeddable":true,"href":"https:\/\/www.lahdenteollisuusseuransaatio.fi\/index.php?rest_route=%2Fwp%2Fv2%2Fcomments&post=336"}],"version-history":[{"count":7,"href":"https:\/\/www.lahdenteollisuusseuransaatio.fi\/index.php?rest_route=\/wp\/v2\/pages\/336\/revisions"}],"predecessor-version":[{"id":849,"href":"https:\/\/www.lahdenteollisuusseuransaatio.fi\/index.php?rest_route=\/wp\/v2\/pages\/336\/revisions\/849"}],"wp:featuredmedia":[{"embeddable":true,"href":"https:\/\/www.lahdenteollisuusseuransaatio.fi\/index.php?rest_route=\/wp\/v2\/media\/648"}],"wp:attachment":[{"href":"https:\/\/www.lahdenteollisuusseuransaatio.fi\/index.php?rest_route=%2Fwp%2Fv2%2Fmedia&parent=336"}],"curies":[{"name":"wp","href":"https:\/\/api.w.org\/{rel}","templated":true}]}}